{"id":10050,"date":"2019-09-23T14:45:06","date_gmt":"2019-09-23T12:45:06","guid":{"rendered":"http:\/\/virusmusik.de\/magazin\/?page_id=10050"},"modified":"2026-01-21T05:28:53","modified_gmt":"2026-01-21T04:28:53","slug":"support-your-local-scene","status":"publish","type":"page","link":"https:\/\/virusmusik.de\/magazin\/?page_id=10050","title":{"rendered":"Support your local Scene! &#8211; Werde F\u00f6rdermitglied beim VirusMusik \/ Kick e.V."},"content":{"rendered":"<figure id=\"attachment_10051\" aria-describedby=\"caption-attachment-10051\" style=\"width: 231px\" class=\"wp-caption alignright\"><a href=\"http:\/\/virusmusik.de\/magazin\/wp-content\/uploads\/2026\/01\/00-F\u00f6rderverein-2026-Formular-als-PDF.pdf\" target=\"_blank\" rel=\"noopener noreferrer\"><img loading=\"lazy\" decoding=\"async\" class=\"wp-image-10051 size-medium\" src=\"http:\/\/virusmusik.de\/magazin\/wp-content\/uploads\/2019\/09\/thumbs-up-231x300-231x300.jpg\" alt=\"\" width=\"231\" height=\"300\" \/><\/a><figcaption id=\"caption-attachment-10051\" class=\"wp-caption-text\">Hier geht es zum PDF-Formular f\u00fcr den F\u00f6rderverein. Am besten runterladen, ausf\u00fcllen und per eMail an VirusMusik schicken &#8211; radio@virusmusik.de<\/figcaption><\/figure>\n<p><strong>Ich werde F\u00f6rdermitglied<\/strong> und unterst\u00fctze mit einem j\u00e4hrlichen Beitrag das Engagement von VirusMusik \/ Kick eV f\u00fcr die regionale Musikszene! Der Jahresbeitrag als F\u00f6rdermitglied kostet nur 30 Euro und ist jederzeit k\u00fcndbar. Wenn Du uns lieber einen h\u00f6heren Betrag spenden m\u00f6chtest, stellen wir Dir gerne eine Spendenbescheinigung aus.<\/p>\n<p>Vielleicht m\u00f6chtest Du aber lieber selbst aktiv werden und zum Beispiel eine eigene Radiosendung innerhalb unserer Radio-Redaktion auf <em>radio x gestalten, <\/em>oder uns als Helfer*in f\u00fcr Events bei unseren kontinuierlichen Live-Aktivit\u00e4ten unterst\u00fctzen. Dazu geh\u00f6ren zum Beispiel die Newcomer TV N\u00e4chte, Konzerte im Beduinenzelt auf der Sommerwerft, Konzerte mit unseren Netzwerkpartnern vom Offenen Haus der Kulturen etc. und die VirusMusikRadioShow. Unsere VirusMusik-Crew freut sich darauf Dich kennenzulernen. Das Team arbeitet ehrenamtlich und steckt voller Leidenschaft f\u00fcr handgemachte Live-Musik. Bei Interesse schreibe einfach eine E-Mail an: <a href=\"mailto:radio@VirusMusik.de\">radio@virusmusik.de<\/a>. Link zum Dokument: <a href=\"http:\/\/virusmusik.de\/magazin\/wp-content\/uploads\/2026\/01\/00-F\u00f6rderverein-2026-Formular-als-PDF.pdf\" target=\"_blank\" rel=\"noopener noreferrer\">http:\/\/virusmusik.de\/magazin\/wp-content\/uploads\/2026\/01\/00-F\u00f6rderverein-2026-Formular-als-PDF.pdf<\/a><\/p>\n<p><strong><a href=\"http:\/\/virusmusik.de\/magazin\/wp-content\/uploads\/2026\/01\/00-F\u00f6rderverein-2026-Formular-als-PDF.pdf\" target=\"_blank\" rel=\"noopener noreferrer\">Hier <\/a><\/strong>der Antrag zur F\u00f6rdermitgliedschaft bei VirusMusik (Kick e.V.)<\/p>\n<p>Danke und vielleicht schon bis bald!<\/p>\n<p>Sepp\u00b4l Niemeyer<br \/>\nVirusMusik &amp; Kick e.V.<\/p>\n<p><a href=\"http:\/\/virusmusik.de\/magazin\/wp-content\/uploads\/2026\/01\/00-F\u00f6rderverein-2026-Formular-als-PDF.pdf\">00 F\u00f6rderverein 2026 Formular als PDF<\/a><\/p>\n","protected":false},"excerpt":{"rendered":"<p>Ich werde F\u00f6rdermitglied und unterst\u00fctze mit einem j\u00e4hrlichen Beitrag das Engagement von VirusMusik \/ Kick eV f\u00fcr die regionale Musikszene! Der Jahresbeitrag als F\u00f6rdermitglied kostet nur 30 Euro und ist jederzeit k\u00fcndbar. Wenn Du uns lieber einen h\u00f6heren Betrag spenden m\u00f6chtest, stellen wir Dir gerne eine Spendenbescheinigung aus. Vielleicht m\u00f6chtest Du aber lieber selbst aktiv [&hellip;]<\/p>\n","protected":false},"author":1,"featured_media":0,"parent":0,"menu_order":0,"comment_status":"closed","ping_status":"closed","template":"","meta":{"_mc_calendar":[],"footnotes":""},"class_list":["post-10050","page","type-page","status-publish","hentry"],"_links":{"self":[{"href":"https:\/\/virusmusik.de\/magazin\/index.php?rest_route=\/wp\/v2\/pages\/10050","targetHints":{"allow":["GET"]}}],"collection":[{"href":"https:\/\/virusmusik.de\/magazin\/index.php?rest_route=\/wp\/v2\/pages"}],"about":[{"href":"https:\/\/virusmusik.de\/magazin\/index.php?rest_route=\/wp\/v2\/types\/page"}],"author":[{"embeddable":true,"href":"https:\/\/virusmusik.de\/magazin\/index.php?rest_route=\/wp\/v2\/users\/1"}],"replies":[{"embeddable":true,"href":"https:\/\/virusmusik.de\/magazin\/index.php?rest_route=%2Fwp%2Fv2%2Fcomments&post=10050"}],"version-history":[{"count":21,"href":"https:\/\/virusmusik.de\/magazin\/index.php?rest_route=\/wp\/v2\/pages\/10050\/revisions"}],"predecessor-version":[{"id":17513,"href":"https:\/\/virusmusik.de\/magazin\/index.php?rest_route=\/wp\/v2\/pages\/10050\/revisions\/17513"}],"wp:attachment":[{"href":"https:\/\/virusmusik.de\/magazin\/index.php?rest_route=%2Fwp%2Fv2%2Fmedia&parent=10050"}],"curies":[{"name":"wp","href":"https:\/\/api.w.org\/{rel}","templated":true}]}}