{"id":10343,"date":"2020-04-30T00:47:03","date_gmt":"2020-04-29T22:47:03","guid":{"rendered":"http:\/\/virusmusik.de\/magazin\/?page_id=10343"},"modified":"2021-02-27T23:23:29","modified_gmt":"2021-02-27T22:23:29","slug":"art-haus","status":"publish","type":"page","link":"http:\/\/virusmusik.de\/magazin\/?page_id=10343","title":{"rendered":"In search of lost tune Playliste"},"content":{"rendered":"<div class=\"wrapper-head\">\n<p class=\"descr\">Jeden 2.Montag im Monat.<\/p>\n<\/div>\n<div class=\"copy\">\n<pre id=\"tw-target-text\" class=\"tw-data-text tw-text-large XcVN5d tw-ta\" dir=\"ltr\" data-placeholder=\"\u00dcbersetzung\"><span lang=\"de\">Auf der Suche nach verlorener Melodie<\/span><\/pre>\n<p>..aus den Kellern, Wohnzimmern und<br \/>\nBunkern unserer Breitengrade-<br \/>\nvon den Bergen bis an die K\u00fcste und zur\u00fcck!<\/p>\n<p>Immer auf der Suche nach der originellen Band<br \/>\nund dem alternativen Klang, der unabh\u00e4ngig von Kommerz<br \/>\nErfolg und Verwertung lebendig hervorsprudelt,<br \/>\nverz\u00fcckt und\/oder verst\u00f6rt.<\/p>\n<p>Du kennst eine Band mit dem \u201cgewissen Etwas\u201d?!?<\/p>\n<p>Schreib eine @Mail an Leon &#8211;\u00a0 <a href=\"mailto:thelosttune@gmail.com\">thelosttune@gmail.com<\/a><\/p>\n<p><strong>In search of lost tune<\/strong><br \/>\n\u00dcber den regionalen Underground und ihre Produzenten. Immer am zweiten Montag im Monat.<br \/>\nAm Mikrofon: Leon<br \/>\nKontakt:\u00a0<a href=\"mailto:thelosttune@gmail.com\">thelosttune(a)gmail.com<\/a><\/p>\n<\/div>\n<div class=\"ms-editor-squiggler\" style=\"color: initial; font: initial; font-feature-settings: initial; font-kerning: initial; font-optical-sizing: initial; font-variation-settings: initial; text-orientation: initial; text-rendering: initial; -webkit-font-smoothing: initial; -webkit-locale: initial; -webkit-text-orientation: initial; -webkit-writing-mode: initial; writing-mode: initial; zoom: initial; place-content: initial; place-items: initial; place-self: initial; alignment-baseline: initial; animation: initial; appearance: initial; aspect-ratio: initial; backdrop-filter: initial; backface-visibility: initial; background: initial; background-blend-mode: initial; baseline-shift: initial; block-size: initial; border-block: initial; border: initial; border-radius: initial; border-collapse: initial; border-inline: initial; inset: initial; box-shadow: initial; box-sizing: initial; break-after: initial; break-before: initial; break-inside: initial; buffered-rendering: initial; caption-side: initial; caret-color: initial; clear: initial; clip: initial; clip-path: initial; clip-rule: initial; color-interpolation: initial; color-interpolation-filters: initial; color-rendering: initial; color-scheme: initial; columns: initial; column-fill: initial; gap: initial; column-rule: initial; column-span: initial; contain: initial; contain-intrinsic-size: initial; content: initial; content-visibility: initial; counter-increment: initial; counter-reset: initial; counter-set: initial; cursor: initial; cx: initial; cy: initial; d: initial; display: block; dominant-baseline: initial; empty-cells: initial; fill: initial; fill-opacity: initial; fill-rule: initial; filter: initial; flex: initial; flex-flow: initial; float: initial; flood-color: initial; flood-opacity: initial; grid: initial; grid-area: initial; height: 0px; hyphens: initial; image-orientation: initial; image-rendering: initial; inline-size: initial; inset-block: initial; inset-inline: initial; isolation: initial; letter-spacing: initial; lighting-color: initial; line-break: initial; list-style: initial; margin-block: initial; margin: initial; margin-inline: initial; marker: initial; mask: initial; mask-type: initial; max-block-size: initial; max-height: initial; max-inline-size: initial; max-width: initial; min-block-size: initial; min-height: initial; min-inline-size: initial; min-width: initial; mix-blend-mode: initial; object-fit: initial; object-position: initial; offset: initial; opacity: initial; order: initial; origin-trial-test-property: initial; orphans: initial; outline: initial; outline-offset: initial; overflow-anchor: initial; overflow-wrap: initial; overflow: initial; overscroll-behavior-block: initial; overscroll-behavior-inline: initial; overscroll-behavior: initial; padding-block: initial; padding: initial; padding-inline: initial; page: initial; page-orientation: initial; paint-order: initial; perspective: initial; perspective-origin: initial; pointer-events: initial; position: initial; quotes: initial; r: initial; resize: initial; ruby-position: initial; rx: initial; ry: initial; scroll-behavior: initial; scroll-margin-block: initial; scroll-margin: initial; scroll-margin-inline: initial; scroll-padding-block: initial; scroll-padding: initial; scroll-padding-inline: initial; scroll-snap-align: initial; scroll-snap-stop: initial; scroll-snap-type: initial; shape-image-threshold: initial; shape-margin: initial; shape-outside: initial; shape-rendering: initial; size: initial; speak: initial; stop-color: initial; stop-opacity: initial; stroke: initial; stroke-dasharray: initial; stroke-dashoffset: initial; stroke-linecap: initial; stroke-linejoin: initial; stroke-miterlimit: initial; stroke-opacity: initial; stroke-width: initial; tab-size: initial; table-layout: initial; text-align: initial; text-align-last: initial; text-anchor: initial; text-combine-upright: initial; text-decoration: initial; text-decoration-skip-ink: initial; text-indent: initial; text-overflow: initial; text-shadow: initial; text-size-adjust: initial; text-transform: initial; text-underline-offset: initial; text-underline-position: initial; touch-action: initial; transform: initial; transform-box: initial; transform-origin: initial; transform-style: initial; transition: initial; user-select: initial; vector-effect: initial; vertical-align: initial; visibility: initial; -webkit-app-region: initial; border-spacing: initial; -webkit-border-image: initial; -webkit-box-align: initial; -webkit-box-decoration-break: initial; -webkit-box-direction: initial; -webkit-box-flex: initial; -webkit-box-ordinal-group: initial; -webkit-box-orient: initial; -webkit-box-pack: initial; -webkit-box-reflect: initial; -webkit-highlight: initial; -webkit-hyphenate-character: initial; -webkit-line-break: initial; -webkit-line-clamp: initial; -webkit-mask-box-image: initial; -webkit-mask: initial; -webkit-mask-composite: initial; -webkit-perspective-origin-x: initial; -webkit-perspective-origin-y: initial; -webkit-print-color-adjust: initial; -webkit-rtl-ordering: initial; -webkit-ruby-position: initial; -webkit-tap-highlight-color: initial; -webkit-text-combine: initial; -webkit-text-decorations-in-effect: initial; -webkit-text-emphasis: initial; -webkit-text-emphasis-position: initial; -webkit-text-fill-color: initial; -webkit-text-security: initial; -webkit-text-stroke: initial; -webkit-transform-origin-x: initial; -webkit-transform-origin-y: initial; -webkit-transform-origin-z: initial; -webkit-user-drag: initial; -webkit-user-modify: initial; white-space: initial; widows: initial; width: initial; will-change: initial; word-break: initial; word-spacing: initial; x: initial; y: initial; z-index: initial;\"><\/div>\n<div class=\"ms-editor-squiggler\" style=\"color: initial; font: initial; font-feature-settings: initial; font-kerning: initial; font-optical-sizing: initial; font-variation-settings: initial; text-orientation: initial; text-rendering: initial; -webkit-font-smoothing: initial; -webkit-locale: initial; -webkit-text-orientation: initial; -webkit-writing-mode: initial; writing-mode: initial; zoom: initial; place-content: initial; place-items: initial; place-self: initial; alignment-baseline: initial; animation: initial; appearance: initial; aspect-ratio: initial; backdrop-filter: initial; backface-visibility: initial; background: initial; background-blend-mode: initial; baseline-shift: initial; block-size: initial; border-block: initial; border: initial; border-radius: initial; border-collapse: initial; border-inline: initial; inset: initial; box-shadow: initial; box-sizing: initial; break-after: initial; break-before: initial; break-inside: initial; buffered-rendering: initial; caption-side: initial; caret-color: initial; clear: initial; clip: initial; clip-path: initial; clip-rule: initial; color-interpolation: initial; color-interpolation-filters: initial; color-rendering: initial; color-scheme: initial; columns: initial; column-fill: initial; gap: initial; column-rule: initial; column-span: initial; contain: initial; contain-intrinsic-size: initial; content: initial; content-visibility: initial; counter-increment: initial; counter-reset: initial; counter-set: initial; cursor: initial; cx: initial; cy: initial; d: initial; display: block; dominant-baseline: initial; empty-cells: initial; fill: initial; fill-opacity: initial; fill-rule: initial; filter: initial; flex: initial; flex-flow: initial; float: initial; flood-color: initial; flood-opacity: initial; grid: initial; grid-area: initial; height: 0px; hyphens: initial; image-orientation: initial; image-rendering: initial; inline-size: initial; inset-block: initial; inset-inline: initial; isolation: initial; letter-spacing: initial; lighting-color: initial; line-break: initial; list-style: initial; margin-block: initial; margin: initial; margin-inline: initial; marker: initial; mask: initial; mask-type: initial; max-block-size: initial; max-height: initial; max-inline-size: initial; max-width: initial; min-block-size: initial; min-height: initial; min-inline-size: initial; min-width: initial; mix-blend-mode: initial; object-fit: initial; object-position: initial; offset: initial; opacity: initial; order: initial; origin-trial-test-property: initial; orphans: initial; outline: initial; outline-offset: initial; overflow-anchor: initial; overflow-wrap: initial; overflow: initial; overscroll-behavior-block: initial; overscroll-behavior-inline: initial; overscroll-behavior: initial; padding-block: initial; padding: initial; padding-inline: initial; page: initial; page-orientation: initial; paint-order: initial; perspective: initial; perspective-origin: initial; pointer-events: initial; position: initial; quotes: initial; r: initial; resize: initial; ruby-position: initial; rx: initial; ry: initial; scroll-behavior: initial; scroll-margin-block: initial; scroll-margin: initial; scroll-margin-inline: initial; scroll-padding-block: initial; scroll-padding: initial; scroll-padding-inline: initial; scroll-snap-align: initial; scroll-snap-stop: initial; scroll-snap-type: initial; shape-image-threshold: initial; shape-margin: initial; shape-outside: initial; shape-rendering: initial; size: initial; speak: initial; stop-color: initial; stop-opacity: initial; stroke: initial; stroke-dasharray: initial; stroke-dashoffset: initial; stroke-linecap: initial; stroke-linejoin: initial; stroke-miterlimit: initial; stroke-opacity: initial; stroke-width: initial; tab-size: initial; table-layout: initial; text-align: initial; text-align-last: initial; text-anchor: initial; text-combine-upright: initial; text-decoration: initial; text-decoration-skip-ink: initial; text-indent: initial; text-overflow: initial; text-shadow: initial; text-size-adjust: initial; text-transform: initial; text-underline-offset: initial; text-underline-position: initial; touch-action: initial; transform: initial; transform-box: initial; transform-origin: initial; transform-style: initial; transition: initial; user-select: initial; vector-effect: initial; vertical-align: initial; visibility: initial; -webkit-app-region: initial; border-spacing: initial; -webkit-border-image: initial; -webkit-box-align: initial; -webkit-box-decoration-break: initial; -webkit-box-direction: initial; -webkit-box-flex: initial; -webkit-box-ordinal-group: initial; -webkit-box-orient: initial; -webkit-box-pack: initial; -webkit-box-reflect: initial; -webkit-highlight: initial; -webkit-hyphenate-character: initial; -webkit-line-break: initial; -webkit-line-clamp: initial; -webkit-mask-box-image: initial; -webkit-mask: initial; -webkit-mask-composite: initial; -webkit-perspective-origin-x: initial; -webkit-perspective-origin-y: initial; -webkit-print-color-adjust: initial; -webkit-rtl-ordering: initial; -webkit-ruby-position: initial; -webkit-tap-highlight-color: initial; -webkit-text-combine: initial; -webkit-text-decorations-in-effect: initial; -webkit-text-emphasis: initial; -webkit-text-emphasis-position: initial; -webkit-text-fill-color: initial; -webkit-text-security: initial; -webkit-text-stroke: initial; -webkit-transform-origin-x: initial; -webkit-transform-origin-y: initial; -webkit-transform-origin-z: initial; -webkit-user-drag: initial; -webkit-user-modify: initial; white-space: initial; widows: initial; width: initial; will-change: initial; word-break: initial; word-spacing: initial; x: initial; y: initial; z-index: initial;\"><\/div>\n<div class=\"ms-editor-squiggler\" style=\"color: initial; font: initial; font-feature-settings: initial; font-kerning: initial; font-optical-sizing: initial; font-variation-settings: initial; text-orientation: initial; text-rendering: initial; -webkit-font-smoothing: initial; -webkit-locale: initial; -webkit-text-orientation: initial; -webkit-writing-mode: initial; writing-mode: initial; zoom: initial; place-content: initial; place-items: initial; place-self: initial; alignment-baseline: initial; animation: initial; appearance: initial; aspect-ratio: initial; backdrop-filter: initial; backface-visibility: initial; background: initial; background-blend-mode: initial; baseline-shift: initial; block-size: initial; border-block: initial; border: initial; border-radius: initial; border-collapse: initial; border-inline: initial; inset: initial; box-shadow: initial; box-sizing: initial; break-after: initial; break-before: initial; break-inside: initial; buffered-rendering: initial; caption-side: initial; caret-color: initial; clear: initial; clip: initial; clip-path: initial; clip-rule: initial; color-interpolation: initial; color-interpolation-filters: initial; color-rendering: initial; color-scheme: initial; columns: initial; column-fill: initial; gap: initial; column-rule: initial; column-span: initial; contain: initial; contain-intrinsic-size: initial; content: initial; content-visibility: initial; counter-increment: initial; counter-reset: initial; counter-set: initial; cursor: initial; cx: initial; cy: initial; d: initial; display: block; dominant-baseline: initial; empty-cells: initial; fill: initial; fill-opacity: initial; fill-rule: initial; filter: initial; flex: initial; flex-flow: initial; float: initial; flood-color: initial; flood-opacity: initial; grid: initial; grid-area: initial; height: 0px; hyphens: initial; image-orientation: initial; image-rendering: initial; inline-size: initial; inset-block: initial; inset-inline: initial; isolation: initial; letter-spacing: initial; lighting-color: initial; line-break: initial; list-style: initial; margin-block: initial; margin: initial; margin-inline: initial; marker: initial; mask: initial; mask-type: initial; max-block-size: initial; max-height: initial; max-inline-size: initial; max-width: initial; min-block-size: initial; min-height: initial; min-inline-size: initial; min-width: initial; mix-blend-mode: initial; object-fit: initial; object-position: initial; offset: initial; opacity: initial; order: initial; origin-trial-test-property: initial; orphans: initial; outline: initial; outline-offset: initial; overflow-anchor: initial; overflow-wrap: initial; overflow: initial; overscroll-behavior-block: initial; overscroll-behavior-inline: initial; overscroll-behavior: initial; padding-block: initial; padding: initial; padding-inline: initial; page: initial; page-orientation: initial; paint-order: initial; perspective: initial; perspective-origin: initial; pointer-events: initial; position: initial; quotes: initial; r: initial; resize: initial; ruby-position: initial; rx: initial; ry: initial; scroll-behavior: initial; scroll-margin-block: initial; scroll-margin: initial; scroll-margin-inline: initial; scroll-padding-block: initial; scroll-padding: initial; scroll-padding-inline: initial; scroll-snap-align: initial; scroll-snap-stop: initial; scroll-snap-type: initial; shape-image-threshold: initial; shape-margin: initial; shape-outside: initial; shape-rendering: initial; size: initial; speak: initial; stop-color: initial; stop-opacity: initial; stroke: initial; stroke-dasharray: initial; stroke-dashoffset: initial; stroke-linecap: initial; stroke-linejoin: initial; stroke-miterlimit: initial; stroke-opacity: initial; stroke-width: initial; tab-size: initial; table-layout: initial; text-align: initial; text-align-last: initial; text-anchor: initial; text-combine-upright: initial; text-decoration: initial; text-decoration-skip-ink: initial; text-indent: initial; text-overflow: initial; text-shadow: initial; text-size-adjust: initial; text-transform: initial; text-underline-offset: initial; text-underline-position: initial; touch-action: initial; transform: initial; transform-box: initial; transform-origin: initial; transform-style: initial; transition: initial; user-select: initial; vector-effect: initial; vertical-align: initial; visibility: initial; -webkit-app-region: initial; border-spacing: initial; -webkit-border-image: initial; -webkit-box-align: initial; -webkit-box-decoration-break: initial; -webkit-box-direction: initial; -webkit-box-flex: initial; -webkit-box-ordinal-group: initial; -webkit-box-orient: initial; -webkit-box-pack: initial; -webkit-box-reflect: initial; -webkit-highlight: initial; -webkit-hyphenate-character: initial; -webkit-line-break: initial; -webkit-line-clamp: initial; -webkit-mask-box-image: initial; -webkit-mask: initial; -webkit-mask-composite: initial; -webkit-perspective-origin-x: initial; -webkit-perspective-origin-y: initial; -webkit-print-color-adjust: initial; -webkit-rtl-ordering: initial; -webkit-ruby-position: initial; -webkit-tap-highlight-color: initial; -webkit-text-combine: initial; -webkit-text-decorations-in-effect: initial; -webkit-text-emphasis: initial; -webkit-text-emphasis-position: initial; -webkit-text-fill-color: initial; -webkit-text-security: initial; -webkit-text-stroke: initial; -webkit-transform-origin-x: initial; -webkit-transform-origin-y: initial; -webkit-transform-origin-z: initial; -webkit-user-drag: initial; -webkit-user-modify: initial; white-space: initial; widows: initial; width: initial; will-change: initial; word-break: initial; word-spacing: initial; x: initial; y: initial; z-index: initial;\"><\/div>\n<div class=\"ms-editor-squiggler\" style=\"color: initial; font: initial; font-feature-settings: initial; font-kerning: initial; font-optical-sizing: initial; font-variation-settings: initial; text-orientation: initial; text-rendering: initial; -webkit-font-smoothing: initial; -webkit-locale: initial; -webkit-text-orientation: initial; -webkit-writing-mode: initial; writing-mode: initial; zoom: initial; place-content: initial; place-items: initial; place-self: initial; alignment-baseline: initial; animation: initial; appearance: initial; aspect-ratio: initial; backdrop-filter: initial; backface-visibility: initial; background: initial; background-blend-mode: initial; baseline-shift: initial; block-size: initial; border-block: initial; border: initial; border-radius: initial; border-collapse: initial; border-inline: initial; inset: initial; box-shadow: initial; box-sizing: initial; break-after: initial; break-before: initial; break-inside: initial; buffered-rendering: initial; caption-side: initial; caret-color: initial; clear: initial; clip: initial; clip-path: initial; clip-rule: initial; color-interpolation: initial; color-interpolation-filters: initial; color-rendering: initial; color-scheme: initial; columns: initial; column-fill: initial; gap: initial; column-rule: initial; column-span: initial; contain: initial; contain-intrinsic-size: initial; content: initial; content-visibility: initial; counter-increment: initial; counter-reset: initial; counter-set: initial; cursor: initial; cx: initial; cy: initial; d: initial; display: block; dominant-baseline: initial; empty-cells: initial; fill: initial; fill-opacity: initial; fill-rule: initial; filter: initial; flex: initial; flex-flow: initial; float: initial; flood-color: initial; flood-opacity: initial; grid: initial; grid-area: initial; height: 0px; hyphens: initial; image-orientation: initial; image-rendering: initial; inline-size: initial; inset-block: initial; inset-inline: initial; isolation: initial; letter-spacing: initial; lighting-color: initial; line-break: initial; list-style: initial; margin-block: initial; margin: initial; margin-inline: initial; marker: initial; mask: initial; mask-type: initial; max-block-size: initial; max-height: initial; max-inline-size: initial; max-width: initial; min-block-size: initial; min-height: initial; min-inline-size: initial; min-width: initial; mix-blend-mode: initial; object-fit: initial; object-position: initial; offset: initial; opacity: initial; order: initial; origin-trial-test-property: initial; orphans: initial; outline: initial; outline-offset: initial; overflow-anchor: initial; overflow-wrap: initial; overflow: initial; overscroll-behavior-block: initial; overscroll-behavior-inline: initial; overscroll-behavior: initial; padding-block: initial; padding: initial; padding-inline: initial; page: initial; page-orientation: initial; paint-order: initial; perspective: initial; perspective-origin: initial; pointer-events: initial; position: initial; quotes: initial; r: initial; resize: initial; ruby-position: initial; rx: initial; ry: initial; scroll-behavior: initial; scroll-margin-block: initial; scroll-margin: initial; scroll-margin-inline: initial; scroll-padding-block: initial; scroll-padding: initial; scroll-padding-inline: initial; scroll-snap-align: initial; scroll-snap-stop: initial; scroll-snap-type: initial; shape-image-threshold: initial; shape-margin: initial; shape-outside: initial; shape-rendering: initial; size: initial; speak: initial; stop-color: initial; stop-opacity: initial; stroke: initial; stroke-dasharray: initial; stroke-dashoffset: initial; stroke-linecap: initial; stroke-linejoin: initial; stroke-miterlimit: initial; stroke-opacity: initial; stroke-width: initial; tab-size: initial; table-layout: initial; text-align: initial; text-align-last: initial; text-anchor: initial; text-combine-upright: initial; text-decoration: initial; text-decoration-skip-ink: initial; text-indent: initial; text-overflow: initial; text-shadow: initial; text-size-adjust: initial; text-transform: initial; text-underline-offset: initial; text-underline-position: initial; touch-action: initial; transform: initial; transform-box: initial; transform-origin: initial; transform-style: initial; transition: initial; user-select: initial; vector-effect: initial; vertical-align: initial; visibility: initial; -webkit-app-region: initial; border-spacing: initial; -webkit-border-image: initial; -webkit-box-align: initial; -webkit-box-decoration-break: initial; -webkit-box-direction: initial; -webkit-box-flex: initial; -webkit-box-ordinal-group: initial; -webkit-box-orient: initial; -webkit-box-pack: initial; -webkit-box-reflect: initial; -webkit-highlight: initial; -webkit-hyphenate-character: initial; -webkit-line-break: initial; -webkit-line-clamp: initial; -webkit-mask-box-image: initial; -webkit-mask: initial; -webkit-mask-composite: initial; -webkit-perspective-origin-x: initial; -webkit-perspective-origin-y: initial; -webkit-print-color-adjust: initial; -webkit-rtl-ordering: initial; -webkit-ruby-position: initial; -webkit-tap-highlight-color: initial; -webkit-text-combine: initial; -webkit-text-decorations-in-effect: initial; -webkit-text-emphasis: initial; -webkit-text-emphasis-position: initial; -webkit-text-fill-color: initial; -webkit-text-security: initial; -webkit-text-stroke: initial; -webkit-transform-origin-x: initial; -webkit-transform-origin-y: initial; -webkit-transform-origin-z: initial; -webkit-user-drag: initial; -webkit-user-modify: initial; white-space: initial; widows: initial; width: initial; will-change: initial; word-break: initial; word-spacing: initial; x: initial; y: initial; z-index: initial;\"><\/div>\n","protected":false},"excerpt":{"rendered":"<p>Jeden 2.Montag im Monat. Auf der Suche nach verlorener Melodie ..aus den Kellern, Wohnzimmern und Bunkern unserer Breitengrade- von den Bergen bis an die K\u00fcste und zur\u00fcck! Immer auf der Suche nach der originellen Band und dem alternativen Klang, der unabh\u00e4ngig von Kommerz Erfolg und Verwertung lebendig hervorsprudelt, verz\u00fcckt und\/oder verst\u00f6rt. Du kennst eine Band [&hellip;]<\/p>\n","protected":false},"author":1,"featured_media":0,"parent":0,"menu_order":0,"comment_status":"closed","ping_status":"closed","template":"","meta":{"_mc_calendar":[],"footnotes":""},"class_list":["post-10343","page","type-page","status-publish","hentry"],"_links":{"self":[{"href":"http:\/\/virusmusik.de\/magazin\/index.php?rest_route=\/wp\/v2\/pages\/10343","targetHints":{"allow":["GET"]}}],"collection":[{"href":"http:\/\/virusmusik.de\/magazin\/index.php?rest_route=\/wp\/v2\/pages"}],"about":[{"href":"http:\/\/virusmusik.de\/magazin\/index.php?rest_route=\/wp\/v2\/types\/page"}],"author":[{"embeddable":true,"href":"http:\/\/virusmusik.de\/magazin\/index.php?rest_route=\/wp\/v2\/users\/1"}],"replies":[{"embeddable":true,"href":"http:\/\/virusmusik.de\/magazin\/index.php?rest_route=%2Fwp%2Fv2%2Fcomments&post=10343"}],"version-history":[{"count":6,"href":"http:\/\/virusmusik.de\/magazin\/index.php?rest_route=\/wp\/v2\/pages\/10343\/revisions"}],"predecessor-version":[{"id":10989,"href":"http:\/\/virusmusik.de\/magazin\/index.php?rest_route=\/wp\/v2\/pages\/10343\/revisions\/10989"}],"wp:attachment":[{"href":"http:\/\/virusmusik.de\/magazin\/index.php?rest_route=%2Fwp%2Fv2%2Fmedia&parent=10343"}],"curies":[{"name":"wp","href":"https:\/\/api.w.org\/{rel}","templated":true}]}}