{"id":10181,"date":"2019-09-24T16:38:31","date_gmt":"2019-09-24T14:38:31","guid":{"rendered":"http:\/\/virusmusik.de\/magazin\/?page_id=10181"},"modified":"2021-03-01T20:43:23","modified_gmt":"2021-03-01T19:43:23","slug":"datenschutzerklaerung-2","status":"publish","type":"page","link":"http:\/\/virusmusik.de\/magazin\/?page_id=10181","title":{"rendered":"Datenschutzerkl\u00e4rung"},"content":{"rendered":"<h2>1. Datenschutz auf einen Blick<\/h2>\n<p><strong>Allgemeine Hinweise<\/strong><br \/>\nDie folgenden Hinweise geben einen einfachen \u00dcberblick dar\u00fcber, was mit Ihren<br \/>\npersonenbezogenen Daten passiert, wenn Sie unsere Website besuchen. Personenbezogene<br \/>\nDaten sind alle Daten, mit denen Sie pers\u00f6nlich identiziert werden k\u00f6nnen. Ausf\u00fchrliche<br \/>\nInformationen zum Thema Datenschutz entnehmen Sie unserer unter diesem Text<br \/>\naufgef\u00fchrten Datenschutzerkl\u00e4rung.<\/p>\n<p><strong>Datenerfassung auf unserer Website<\/strong><br \/>\nWer ist verantwortlich fu\u0308r die Datenerfassung auf dieser Website?<br \/>\nDie Datenverarbeitung auf dieser Website erfolgt durch den Websitebetreiber. Dessen<br \/>\nKontaktdaten k\u00f6nnen Sie dem Impressum dieser Website entnehmen.<\/p>\n<p><strong>Wie erfassen wir Ihre Daten?<\/strong><br \/>\nIhre Daten werden zum einen dadurch erhoben, dass Sie uns diese mitteilen. Hierbei kann es<br \/>\nsich z.B. um Daten handeln, die Sie in ein Kontaktformular eingeben.<br \/>\nAndere Daten werden automatisch beim Besuch der Website durch unsere IT-Systeme erfasst.<br \/>\nDas sind vor allem technische Daten (z.B. Internetbrowser, Betriebssystem oder Uhrzeit des<br \/>\nSeitenaufrufs). Die Erfassung dieser Daten erfolgt automatisch, sobald Sie unsere Website<br \/>\nbetreten.<\/p>\n<p><strong>Wofu\u0308r nutzen wir Ihre Daten?<\/strong><br \/>\nEin Teil der Daten wird erhoben, um eine fehlerfreie Bereitstellung der Website zu<br \/>\ngew\u00e4hrleisten. Andere Daten k\u00f6nnen zur Analyse Ihres Nutzerverhaltens verwendet werden.<br \/>\nWelche Rechte haben Sie bezu\u0308glich Ihrer Daten?<br \/>\nSie haben jederzeit das Recht unentgeltlich Auskunft u\u0308ber Herkunft, Empf\u00e4nger und Zweck<br \/>\nIhrer gespeicherten personenbezogenen Daten zu erhalten. Sie haben au\u00dferdem ein Recht, die<br \/>\nBerichtigung, Sperrung oder L\u00f6schung dieser Daten zu verlangen. Hierzu sowie zu weiteren<br \/>\nFragen zum Thema Datenschutz k\u00f6nnen Sie sich jederzeit unter der im Impressum<br \/>\nangegebenen Adresse an uns wenden. Des Weiteren steht Ihnen ein Beschwerderecht bei der<br \/>\nzust\u00e4ndigen Aufsichtsbeh\u00f6rde zu.<\/p>\n<p><strong>Analyse-Tools und Tools von Drittanbietern<\/strong><br \/>\nBeim Besuch unserer Website kann Ihr Surf-Verhalten statistisch ausgewertet werden. Das<br \/>\ngeschieht vor allem mit Cookies und mit sogenannten Analyseprogrammen. Die Analyse Ihres<br \/>\nSurf-Verhaltens erfolgt in der Regel anonym; das Surf-Verhalten kann nicht zu Ihnen<br \/>\nzuru\u0308ckverfolgt werden. Sie k\u00f6nnen dieser Analyse widersprechen oder sie durch die<br \/>\nNichtbenutzung bestimmter Tools verhindern. Detaillierte Informationen dazu finden Sie in der<br \/>\nfolgenden Datenschutzerkl\u00e4rung.<\/p>\n<p>Sie k\u00f6nnen dieser Analyse widersprechen. \u00dcber die Widerspruchsm\u00f6glichkeiten werden wir<br \/>\nSie in dieser Datenschutzerkl\u00e4rung informieren.<\/p>\n<h2>2. Allgemeine Hinweise und Pfichtinformationen<\/h2>\n<p><strong>Datenschutz<\/strong><br \/>\nDie Betreiber dieser Seiten nehmen den Schutz Ihrer pers\u00f6nlichen Daten sehr ernst. Wir<br \/>\nbehandeln Ihre personenbezogenen Daten vertraulich und entsprechend der gesetzlichen<br \/>\nDatenschutzvorschriften sowie dieser Datenschutzerkl\u00e4rung.<br \/>\nWenn Sie diese Website benutzen, werden verschiedene personenbezogene Daten erhoben.<br \/>\nPersonenbezogene Daten sind Daten, mit denen Sie pers\u00f6nlich identiziert werden k\u00f6nnen.<br \/>\nDie vorliegende Datenschutzerkl\u00e4rung erl\u00e4utert, welche Daten wir erheben und wofu\u0308r wir sie<br \/>\nnutzen. Sie erl\u00e4utert auch, wie und zu welchem Zweck das geschieht.<br \/>\nWir weisen darauf hin, dass die Datenu\u0308bertragung im Internet (z.B. bei der Kommunikation per<br \/>\nE-Mail) Sicherheitslu\u0308cken aufweisen kann. Ein lu\u0308ckenloser Schutz der Daten vor dem Zugriff<br \/>\ndurch Dritte ist nicht m\u00f6glich.<\/p>\n<p><strong>Hinweis zur verantwortlichen Stelle<\/strong><br \/>\nDie verantwortliche Stelle fu\u0308r die Datenverarbeitung auf dieser Website ist:<\/p>\n<p>Kick e.V.<br \/>\nSepp\u2019l Niemeyer<br \/>\nGermaniastra\u00dfe 89<br \/>\n60389 Frankfurt<br \/>\nTelefon: 069 94590017<br \/>\nE-Mail: elli-pirelli@t-online.de<\/p>\n<p>Verantwortliche Stelle ist die natu\u0308rliche oder juristische Person, die allein oder gemeinsam mit<br \/>\nanderen u\u0308ber die Zwecke und Mittel der Verarbeitung von personenbezogenen Daten (z.B.<br \/>\nNamen, E-Mail-Adressen o. \u00c4.) entscheidet.<\/p>\n<p><strong>Widerruf Ihrer Einwilligung zur Datenverarbeitung<\/strong><br \/>\nViele Datenverarbeitungsvorg\u00e4nge sind nur mit Ihrer ausdru\u0308cklichen Einwilligung m\u00f6glich. Sie<br \/>\nk\u00f6nnen eine bereits erteilte Einwilligung jederzeit widerrufen. Dazu reicht eine formlose<br \/>\nMitteilung per E-Mail an uns. Die Rechtm\u00e4\u00dfigkeit der bis zum Widerruf erfolgten<br \/>\nDatenverarbeitung bleibt vom Widerruf unberu\u0308hrt.<\/p>\n<p><strong>Beschwerderecht bei der zust\u00e4ndigen Aufsichtsbeh\u00f6rde<\/strong><br \/>\nIm Falle datenschutzrechtlicher Verst\u00f6\u00dfe steht dem Betroffenen ein Beschwerderecht bei der<br \/>\nzust\u00e4ndigen Aufsichtsbeh\u00f6rde zu. Zust\u00e4ndige Aufsichtsbeh\u00f6rde in datenschutzrechtlichen<br \/>\nFragen ist der Landesdatenschutzbeauftragte des Bundeslandes, in dem unser Unternehmen<br \/>\nseinen Sitz hat. Eine Liste der Datenschutzbeauftragten sowie deren Kontaktdaten k\u00f6nnen<br \/>\nfolgendem Link entnommen werden:<\/p>\n<p>https:\/\/www.bfdi.bund.de\/DE\/Infothek\/Anschriften_Links\/anschriften_links-node.html.<\/p>\n<p><strong>Recht auf Datenu\u0308bertragbarkeit<\/strong><br \/>\nSie haben das Recht, Daten, die wir auf Grundlage Ihrer Einwilligung oder in Erfu\u0308llung eines<br \/>\nVertrags automatisiert verarbeiten, an sich oder an einen Dritten in einem g\u00e4ngigen,<br \/>\nmaschinenlesbaren Format aush\u00e4ndigen zu lassen. Sofern Sie die direkte \u00dcbertragung der<br \/>\nDaten an einen anderen Verantwortlichen verlangen, erfolgt dies nur, soweit es technisch<br \/>\nmachbar ist.<\/p>\n<p><strong>Auskunft, Sperrung, L\u00f6schung<\/strong><br \/>\nSie haben im Rahmen der geltenden gesetzlichen Bestimmungen jederzeit das Recht auf<br \/>\nunentgeltliche Auskunft u\u0308ber Ihre gespeicherten personenbezogenen Daten, deren Herkunft<br \/>\nund Empf\u00e4nger und den Zweck der Datenverarbeitung und ggf. ein Recht auf Berichtigung,<br \/>\nSperrung oder L\u00f6schung dieser Daten. Hierzu sowie zu weiteren Fragen zum Thema<br \/>\npersonenbezogene Daten k\u00f6nnen Sie sich jederzeit unter der im Impressum angegebenen<br \/>\nAdresse an uns wenden.<\/p>\n<p><strong>Widerspruch gegen Werbe-Mails<\/strong><br \/>\nDer Nutzung von im Rahmen der Impressumspicht ver\u00f6ffentlichten Kontaktdaten zur<br \/>\n\u00dcbersendung von nicht ausdru\u0308cklich angeforderter Werbung und Informationsmaterialien<br \/>\nwird hiermit widersprochen. Die Betreiber der Seiten behalten sich ausdru\u0308cklich rechtliche<br \/>\nSchritte im Falle der unverlangten Zusendung von Werbeinformationen, etwa durch Spam-EMails,<br \/>\nvor.<\/p>\n<h2>3. Datenerfassung auf unserer Website<\/h2>\n<p><strong>Cookies<\/strong><br \/>\nDie Internetseiten verwenden teilweise so genannte Cookies. Cookies richten auf Ihrem<br \/>\nRechner keinen Schaden an und enthalten keine Viren. Cookies dienen dazu, unser Angebot<br \/>\nnutzerfreundlicher, effektiver und sicherer zu machen. Cookies sind kleine Textdateien, die auf<br \/>\nIhrem Rechner abgelegt werden und die Ihr Browser speichert.<br \/>\nDie meisten der von uns verwendeten Cookies sind so genannte \u201cSession-Cookies\u201d. Sie werden<br \/>\nnach Ende Ihres Besuchs automatisch gel\u00f6scht. Andere Cookies bleiben auf Ihrem Endger\u00e4t<br \/>\ngespeichert bis Sie diese l\u00f6schen. Diese Cookies erm\u00f6glichen es uns, Ihren Browser beim<br \/>\nn\u00e4chsten Besuch wiederzuerkennen.<\/p>\n<p>Sie k\u00f6nnen Ihren Browser so einstellen, dass Sie u\u0308ber das Setzen von Cookies informiert<br \/>\nwerden und Cookies nur im Einzelfall erlauben, die Annahme von Cookies fu\u0308r bestimmte F\u00e4lle<br \/>\noder generell ausschlie\u00dfen sowie das automatische L\u00f6schen der Cookies beim Schlie\u00dfen des<br \/>\nBrowser aktivieren. Bei der Deaktivierung von Cookies kann die Funktionalit\u00e4t dieser Website<br \/>\neingeschr\u00e4nkt sein.<br \/>\nCookies, die zur Durchfu\u0308hrung des elektronischen Kommunikationsvorgangs oder zur<br \/>\nBereitstellung bestimmter, von Ihnen erwu\u0308nschter Funktionen (z.B. Warenkorbfunktion)<br \/>\nerforderlich sind, werden auf Grundlage von Art. 6 Abs. 1 lit. f DSGVO gespeichert. Der<br \/>\nWebsitebetreiber hat ein berechtigtes Interesse an der Speicherung von Cookies zur technisch<br \/>\nfehlerfreien und optimierten Bereitstellung seiner Dienste. Soweit andere Cookies (z.B.<br \/>\nCookies zur Analyse Ihres Surfverhaltens) gespeichert werden, werden diese in dieser<br \/>\nDatenschutzerkl\u00e4rung gesondert behandelt.<\/p>\n<p><strong>Server-Log-Dateien<\/strong><br \/>\nDer Provider der Seiten erhebt und speichert automatisch Informationen in so genannten<br \/>\nServer-Log-Dateien, die Ihr Browser automatisch an uns u\u0308bermittelt. Dies sind:<\/p>\n<p>\u2013 Browsertyp und Browserversion<br \/>\n\u2013 verwendetes Betriebssystem<br \/>\n\u2013 Referrer URL<br \/>\n\u2013 Hostname des zugreifenden Rechners<br \/>\n\u2013 Uhrzeit der Serveranfrage<br \/>\n\u2013 IP-Adresse<\/p>\n<p>Eine Zusammenfu\u0308hrung dieser Daten mit anderen Datenquellen wird nicht vorgenommen.<br \/>\nGrundlage fu\u0308r die Datenverarbeitung ist Art. 6 Abs. 1 lit. f DSGVO, der die Verarbeitung von<br \/>\nDaten zur Erfu\u0308llung eines Vertrags oder vorvertraglicher Ma\u00dfnahmen gestattet.<\/p>\n<p><strong>Kommentarfunktion auf dieser Website<\/strong><br \/>\nFu\u0308r die Kommentarfunktion auf dieser Seite werden neben Ihrem Kommentar auch Angaben<br \/>\nzum Zeitpunkt der Erstellung des Kommentars, Ihre E-Mail-Adresse und, wenn Sie nicht<br \/>\nanonym posten, der von Ihnen gew\u00e4hlte Nutzername gespeichert.<\/p>\n<p><strong>Speicherdauer der Kommentare<\/strong><br \/>\nDie Kommentare und die damit verbundenen Daten werden gespeichert und<br \/>\nverbleiben auf unserer Website, bis der kommentierte Inhalt vollst\u00e4ndig gel\u00f6scht wurde oder<br \/>\ndie Kommentare aus rechtlichen Gru\u0308nden gel\u00f6scht werden mu\u0308ssen (z.B. beleidigende<br \/>\nKommentare).<\/p>\n<p><strong>Rechtsgrundlage<\/strong><br \/>\nDie Speicherung der Kommentare erfolgt auf Grundlage Ihrer Einwilligung (Art. 6 Abs. 1 lit. a<br \/>\nDSGVO). Sie k\u00f6nnen eine von Ihnen erteilte Einwilligung jederzeit widerrufen. Dazu reicht eine<br \/>\nformlose Mitteilung per E-Mail an uns. Die Rechtm\u00e4\u00dfigkeit der bereits erfolgten<br \/>\nDatenverarbeitungsvorg\u00e4nge bleibt vom Widerruf unberu\u0308hrt.<\/p>\n<h2>4. Plugins und Tools<\/h2>\n<p><strong>YouTube<\/strong><br \/>\nUnsere Website nutzt Plugins der von Google betriebenen Seite YouTube. Betreiber der Seiten<br \/>\nist die YouTube, LLC, 901 Cherry Ave., San Bruno, CA 94066, USA.<br \/>\nWenn Sie eine unserer mit einem YouTube-Plugin ausgestatteten Seiten besuchen, wird eine<br \/>\nVerbindung zu den Servern von YouTube hergestellt. Dabei wird dem YouTube-Server<br \/>\nmitgeteilt, welche unserer Seiten Sie besucht haben.<br \/>\nWenn Sie in Ihrem YouTube-Account eingeloggt sind, erm\u00f6glichen Sie YouTube, Ihr<br \/>\nSurfverhalten direkt Ihrem pers\u00f6nlichen Prol zuzuordnen. Dies k\u00f6nnen Sie verhindern, indem<br \/>\nSie sich aus Ihrem YouTube-Account ausloggen.<br \/>\nDie Nutzung von YouTube erfolgt im Interesse einer ansprechenden Darstellung unserer<br \/>\nOnline-Angebote. Dies stellt ein berechtigtes Interesse im Sinne von Art. 6 Abs. 1 lit. f DSGVO<br \/>\ndar.<br \/>\nWeitere Informationen zum Umgang mit Nutzerdaten finden Sie in der Datenschutzerkl\u00e4rung<br \/>\nvon YouTube unter: https:\/\/www.google.de\/intl\/de\/policies\/privacy.<\/p>\n<p><strong>Google Web Fonts<\/strong><br \/>\nDiese Seite nutzt zur einheitlichen Darstellung von Schriftarten so genannte Web Fonts, die<br \/>\nvon Google bereitgestellt werden. Beim Aufruf einer Seite l\u00e4dt Ihr Browser die ben\u00f6tigten Web<br \/>\nFonts in ihren Browsercache, um Texte und Schriftarten korrekt anzuzeigen.<br \/>\nZu diesem Zweck muss der von Ihnen verwendete Browser Verbindung zu den Servern von<br \/>\nGoogle aufnehmen. Hierdurch erlangt Google Kenntnis daru\u0308ber, dass u\u0308ber Ihre IP-Adresse<br \/>\nunsere Website aufgerufen wurde. Die Nutzung von Google Web Fonts erfolgt im Interesse<br \/>\neiner einheitlichen und ansprechenden Darstellung unserer Online-Angebote. Dies stellt ein<br \/>\nberechtigtes Interesse im Sinne von Art. 6 Abs. 1 lit. f DSGVO dar.<br \/>\nWenn Ihr Browser Web Fonts nicht unterstu\u0308tzt, wird eine Standardschrift von Ihrem<br \/>\nComputer genutzt.<\/p>\n<p>Weitere Informationen zu Google Web Fonts finden Sie unter<br \/>\nhttps:\/\/developers.google.com\/fonts\/faq und in der Datenschutzerkl\u00e4rung von Google:<\/p>\n<p>https:\/\/www.google.com\/policies\/privacy\/.<\/p>\n<p><strong>Google Maps<\/strong><br \/>\nDiese Seite nutzt u\u0308ber eine API den Kartendienst Google Maps. Anbieter ist die Google Inc.,<br \/>\n1600 Amphitheatre Parkway, Mountain View, CA 94043, USA.<br \/>\nZur Nutzung der Funktionen von Google Maps ist es notwendig, Ihre IP Adresse zu speichern.<br \/>\nDiese Informationen werden in der Regel an einen Server von Google in den USA u\u0308bertragen<br \/>\nund dort gespeichert. Der Anbieter dieser Seite hat keinen Einuss auf diese<\/p>\n<p><strong>Datenu\u0308bertragung.<\/strong><br \/>\nDie Nutzung von Google Maps erfolgt im Interesse einer ansprechenden Darstellung unserer<br \/>\nOnline-Angebote und an einer leichten Aufndbarkeit der von uns auf der Website<br \/>\nangegebenen Orte. Dies stellt ein berechtigtes Interesse im Sinne von Art. 6 Abs. 1 lit. f DSGVO<br \/>\ndar.<br \/>\nMehr Informationen zum Umgang mit Nutzerdaten nden Sie in der Datenschutzerkl\u00e4rung von<br \/>\nGoogle: https:\/\/www.google.de\/intl\/de\/policies\/privacy\/.<\/p>\n<div class=\"ms-editor-squiggler\" style=\"color: initial; font: initial; font-feature-settings: initial; font-kerning: initial; font-optical-sizing: initial; font-variation-settings: initial; text-orientation: initial; text-rendering: initial; -webkit-font-smoothing: initial; -webkit-locale: initial; -webkit-text-orientation: initial; -webkit-writing-mode: initial; writing-mode: initial; zoom: initial; place-content: initial; place-items: initial; place-self: initial; alignment-baseline: initial; animation: initial; appearance: initial; aspect-ratio: initial; backdrop-filter: initial; backface-visibility: initial; background: initial; background-blend-mode: initial; baseline-shift: initial; block-size: initial; border-block: initial; border: initial; border-radius: initial; border-collapse: initial; border-inline: initial; inset: initial; box-shadow: initial; box-sizing: initial; break-after: initial; break-before: initial; break-inside: initial; buffered-rendering: initial; caption-side: initial; caret-color: initial; clear: initial; clip: initial; clip-path: initial; clip-rule: initial; color-interpolation: initial; color-interpolation-filters: initial; color-rendering: initial; color-scheme: initial; columns: initial; column-fill: initial; gap: initial; column-rule: initial; column-span: initial; contain: initial; contain-intrinsic-size: initial; content: initial; content-visibility: initial; counter-increment: initial; counter-reset: initial; counter-set: initial; cursor: initial; cx: initial; cy: initial; d: initial; display: block; dominant-baseline: initial; empty-cells: initial; fill: initial; fill-opacity: initial; fill-rule: initial; filter: initial; flex: initial; flex-flow: initial; float: initial; flood-color: initial; flood-opacity: initial; grid: initial; grid-area: initial; height: 0px; hyphens: initial; image-orientation: initial; image-rendering: initial; inline-size: initial; inset-block: initial; inset-inline: initial; isolation: initial; letter-spacing: initial; lighting-color: initial; line-break: initial; list-style: initial; margin-block: initial; margin: initial; margin-inline: initial; marker: initial; mask: initial; mask-type: initial; max-block-size: initial; max-height: initial; max-inline-size: initial; max-width: initial; min-block-size: initial; min-height: initial; min-inline-size: initial; min-width: initial; mix-blend-mode: initial; object-fit: initial; object-position: initial; offset: initial; opacity: initial; order: initial; origin-trial-test-property: initial; orphans: initial; outline: initial; outline-offset: initial; overflow-anchor: initial; overflow-wrap: initial; overflow: initial; overscroll-behavior-block: initial; overscroll-behavior-inline: initial; overscroll-behavior: initial; padding-block: initial; padding: initial; padding-inline: initial; page: initial; page-orientation: initial; paint-order: initial; perspective: initial; perspective-origin: initial; pointer-events: initial; position: initial; quotes: initial; r: initial; resize: initial; ruby-position: initial; rx: initial; ry: initial; scroll-behavior: initial; scroll-margin-block: initial; scroll-margin: initial; scroll-margin-inline: initial; scroll-padding-block: initial; scroll-padding: initial; scroll-padding-inline: initial; scroll-snap-align: initial; scroll-snap-stop: initial; scroll-snap-type: initial; shape-image-threshold: initial; shape-margin: initial; shape-outside: initial; shape-rendering: initial; size: initial; speak: initial; stop-color: initial; stop-opacity: initial; stroke: initial; stroke-dasharray: initial; stroke-dashoffset: initial; stroke-linecap: initial; stroke-linejoin: initial; stroke-miterlimit: initial; stroke-opacity: initial; stroke-width: initial; tab-size: initial; table-layout: initial; text-align: initial; text-align-last: initial; text-anchor: initial; text-combine-upright: initial; text-decoration: initial; text-decoration-skip-ink: initial; text-indent: initial; text-overflow: initial; text-shadow: initial; text-size-adjust: initial; text-transform: initial; text-underline-offset: initial; text-underline-position: initial; touch-action: initial; transform: initial; transform-box: initial; transform-origin: initial; transform-style: initial; transition: initial; user-select: initial; vector-effect: initial; vertical-align: initial; visibility: initial; -webkit-app-region: initial; border-spacing: initial; -webkit-border-image: initial; -webkit-box-align: initial; -webkit-box-decoration-break: initial; -webkit-box-direction: initial; -webkit-box-flex: initial; -webkit-box-ordinal-group: initial; -webkit-box-orient: initial; -webkit-box-pack: initial; -webkit-box-reflect: initial; -webkit-highlight: initial; -webkit-hyphenate-character: initial; -webkit-line-break: initial; -webkit-line-clamp: initial; -webkit-mask-box-image: initial; -webkit-mask: initial; -webkit-mask-composite: initial; -webkit-perspective-origin-x: initial; -webkit-perspective-origin-y: initial; -webkit-print-color-adjust: initial; -webkit-rtl-ordering: initial; -webkit-ruby-position: initial; -webkit-tap-highlight-color: initial; -webkit-text-combine: initial; -webkit-text-decorations-in-effect: initial; -webkit-text-emphasis: initial; -webkit-text-emphasis-position: initial; -webkit-text-fill-color: initial; -webkit-text-security: initial; -webkit-text-stroke: initial; -webkit-transform-origin-x: initial; -webkit-transform-origin-y: initial; -webkit-transform-origin-z: initial; -webkit-user-drag: initial; -webkit-user-modify: initial; white-space: initial; widows: initial; width: initial; will-change: initial; word-break: initial; word-spacing: initial; x: initial; y: initial; z-index: initial;\"><\/div>\n","protected":false},"excerpt":{"rendered":"<p>1. Datenschutz auf einen Blick Allgemeine Hinweise Die folgenden Hinweise geben einen einfachen \u00dcberblick dar\u00fcber, was mit Ihren personenbezogenen Daten passiert, wenn Sie unsere Website besuchen. Personenbezogene Daten sind alle Daten, mit denen Sie pers\u00f6nlich identiziert werden k\u00f6nnen. Ausf\u00fchrliche Informationen zum Thema Datenschutz entnehmen Sie unserer unter diesem Text aufgef\u00fchrten Datenschutzerkl\u00e4rung. Datenerfassung auf unserer Website [&hellip;]<\/p>\n","protected":false},"author":1,"featured_media":0,"parent":0,"menu_order":0,"comment_status":"closed","ping_status":"closed","template":"","meta":{"_mc_calendar":[],"footnotes":""},"class_list":["post-10181","page","type-page","status-publish","hentry"],"_links":{"self":[{"href":"http:\/\/virusmusik.de\/magazin\/index.php?rest_route=\/wp\/v2\/pages\/10181","targetHints":{"allow":["GET"]}}],"collection":[{"href":"http:\/\/virusmusik.de\/magazin\/index.php?rest_route=\/wp\/v2\/pages"}],"about":[{"href":"http:\/\/virusmusik.de\/magazin\/index.php?rest_route=\/wp\/v2\/types\/page"}],"author":[{"embeddable":true,"href":"http:\/\/virusmusik.de\/magazin\/index.php?rest_route=\/wp\/v2\/users\/1"}],"replies":[{"embeddable":true,"href":"http:\/\/virusmusik.de\/magazin\/index.php?rest_route=%2Fwp%2Fv2%2Fcomments&post=10181"}],"version-history":[{"count":4,"href":"http:\/\/virusmusik.de\/magazin\/index.php?rest_route=\/wp\/v2\/pages\/10181\/revisions"}],"predecessor-version":[{"id":11042,"href":"http:\/\/virusmusik.de\/magazin\/index.php?rest_route=\/wp\/v2\/pages\/10181\/revisions\/11042"}],"wp:attachment":[{"href":"http:\/\/virusmusik.de\/magazin\/index.php?rest_route=%2Fwp%2Fv2%2Fmedia&parent=10181"}],"curies":[{"name":"wp","href":"https:\/\/api.w.org\/{rel}","templated":true}]}}